{"id":5986,"date":"2025-11-05T23:38:56","date_gmt":"2025-11-05T23:38:56","guid":{"rendered":"https:\/\/filetgourmet.empowerdigitaldata.com\/product\/monthly-menu-2\/"},"modified":"2026-01-20T14:04:55","modified_gmt":"2026-01-20T14:04:55","slug":"monthly-menu-2","status":"publish","type":"product","link":"https:\/\/filetgourmet.empowerdigitaldata.com\/fr\/produit\/monthly-menu-2\/","title":{"rendered":"Menu du mois"},"content":{"rendered":"<h2 style=\"text-align: left;\" data-start=\"175\" data-end=\"211\"><strong>Menu of the Month \u2013 November<\/strong><\/h2>\n<p data-start=\"213\" data-end=\"265\">An exclusive gourmet experience by <strong data-start=\"248\" data-end=\"265\">Filet Gourmet<\/strong><\/p>\n<p data-start=\"267\" data-end=\"496\">Discover our exceptional <strong data-start=\"292\" data-end=\"304\">November<\/strong>\u00a0selection, carefully prepared to delight your taste buds this season. A perfect balance of variety, quality, and indulgence \u2013 ideal for cozy dinners, family meals, or evenings with friends.<\/p>\n<p data-start=\"498\" data-end=\"873\"><strong data-start=\"498\" data-end=\"526\">What your menu includes:<\/strong><br data-start=\"526\" data-end=\"529\" \/>2 bavettes de porc \u00e0 l\u2019\u00e9rable et aux oignons caram\u00e9lis\u00e9s<br data-start=\"585\" data-end=\"588\" \/>1 filet de porc mangue et chili<br data-start=\"619\" data-end=\"622\" \/>1 coq au porc assaisonn\u00e9<br data-start=\"646\" data-end=\"649\" \/>4 escalopes de poulet<br data-start=\"670\" data-end=\"673\" \/>1 lb de cubes de poulet<br data-start=\"696\" data-end=\"699\" \/>1 p\u00e2t\u00e9 au poulet maison<br data-start=\"722\" data-end=\"725\" \/>2 lb de porc et b\u0153uf hach\u00e9s<br data-start=\"752\" data-end=\"755\" \/>1 r\u00f4ti fran\u00e7ais AAA<br data-start=\"774\" data-end=\"777\" \/>1 lb de cubes de b\u0153uf<br data-start=\"798\" data-end=\"801\" \/>1 lb de lani\u00e8res de b\u0153uf \u00e0 l\u2019ail noir<br data-start=\"838\" data-end=\"841\" \/>2 mini coquilles Saint-Jacques<\/p>\n<p data-start=\"875\" data-end=\"955\"><em data-start=\"875\" data-end=\"910\">En collaboration avec Les Beurr\u00e9s<\/em> : cadeau de beurre bacon, whisky et \u00e9rable<\/p>\n<hr data-start=\"957\" data-end=\"960\" \/>\n<p data-start=\"962\" data-end=\"1111\"><strong data-start=\"962\" data-end=\"1000\">Premium quality, unmatched flavor!<\/strong><br data-start=\"1000\" data-end=\"1003\" \/>All our products are made from top-quality meats, marinated or prepared with care by our artisan butchers.<\/p>\n<p data-start=\"1113\" data-end=\"1202\"><strong data-start=\"1113\" data-end=\"1134\">Unbeatable value:<\/strong><br data-start=\"1134\" data-end=\"1137\" \/>Regular butcher price: <strong data-start=\"1160\" data-end=\"1168\">$190<\/strong><br data-start=\"1168\" data-end=\"1171\" \/>Monthly special: <strong data-start=\"1188\" data-end=\"1202\">Only $150!<\/strong><\/p>\n<p data-start=\"1204\" data-end=\"1317\">\u2705 Limited quantity \u2013 Order yours now!<br data-start=\"1241\" data-end=\"1244\" \/>Treat yourself to the best from <strong data-start=\"1276\" data-end=\"1293\">Filet Gourmet<\/strong> and savor every bite.<\/p>\n<div id=\"gtx-trans\" style=\"position: absolute; left: 643px; top: 62.9125px;\">\n<div class=\"gtx-trans-icon\"><\/div>\n<\/div>\n<div id=\"simple-translate\" class=\"simple-translate-system-theme\">\n<div>\n<div class=\"simple-translate-button isShow\" style=\"background-image: url('chrome-extension:\/\/ibplnjkanclpjokhdolnendpplpjiace\/icons\/512.png'); height: 22px; width: 22px; top: 64px; left: 666px;\"><\/div>\n<div class=\"simple-translate-panel \" style=\"width: 300px; height: 200px; top: 0px; left: 0px; font-size: 13px;\">\n<div class=\"simple-translate-result-wrapper\" style=\"overflow: hidden;\">\n<div class=\"simple-translate-move\" draggable=\"true\"><\/div>\n<div class=\"simple-translate-result-contents\">\n<p class=\"simple-translate-candidate\" dir=\"auto\">\n<\/div>\n<\/div>\n<\/div>\n<\/div>\n<\/div>\n","protected":false},"excerpt":{"rendered":"<p>Menu of the Month \u2013 November An exclusive gourmet experience by Filet Gourmet Discover our exceptional November\u00a0selection, carefully prepared to delight your taste buds this season. A perfect balance of variety, quality, and indulgence \u2013 ideal for cozy dinners, family meals, or evenings with friends. What your menu includes:2 bavettes de porc \u00e0 l\u2019\u00e9rable et [&hellip;]<\/p>\n","protected":false},"featured_media":6227,"comment_status":"open","ping_status":"closed","template":"","meta":[],"product_brand":[],"product_cat":[904],"product_tag":[],"class_list":{"0":"post-5986","1":"product","2":"type-product","3":"status-publish","4":"has-post-thumbnail","6":"product_cat-monthly-menu","7":"_wholesalex wsx-wholesalex-product","9":"first","10":"instock","11":"shipping-taxable","12":"purchasable","13":"product-type-simple"},"_links":{"self":[{"href":"https:\/\/filetgourmet.empowerdigitaldata.com\/fr\/wp-json\/wp\/v2\/product\/5986","targetHints":{"allow":["GET"]}}],"collection":[{"href":"https:\/\/filetgourmet.empowerdigitaldata.com\/fr\/wp-json\/wp\/v2\/product"}],"about":[{"href":"https:\/\/filetgourmet.empowerdigitaldata.com\/fr\/wp-json\/wp\/v2\/types\/product"}],"replies":[{"embeddable":true,"href":"https:\/\/filetgourmet.empowerdigitaldata.com\/fr\/wp-json\/wp\/v2\/comments?post=5986"}],"wp:featuredmedia":[{"embeddable":true,"href":"https:\/\/filetgourmet.empowerdigitaldata.com\/fr\/wp-json\/wp\/v2\/media\/6227"}],"wp:attachment":[{"href":"https:\/\/filetgourmet.empowerdigitaldata.com\/fr\/wp-json\/wp\/v2\/media?parent=5986"}],"wp:term":[{"taxonomy":"product_brand","embeddable":true,"href":"https:\/\/filetgourmet.empowerdigitaldata.com\/fr\/wp-json\/wp\/v2\/product_brand?post=5986"},{"taxonomy":"product_cat","embeddable":true,"href":"https:\/\/filetgourmet.empowerdigitaldata.com\/fr\/wp-json\/wp\/v2\/product_cat?post=5986"},{"taxonomy":"product_tag","embeddable":true,"href":"https:\/\/filetgourmet.empowerdigitaldata.com\/fr\/wp-json\/wp\/v2\/product_tag?post=5986"}],"curies":[{"name":"wp","href":"https:\/\/api.w.org\/{rel}","templated":true}]}}